{"id":8,"date":"2021-02-16T12:26:15","date_gmt":"2021-02-16T11:26:15","guid":{"rendered":"http:\/\/uniterm.pl\/wordpress\/?page_id=8"},"modified":"2021-02-18T13:18:32","modified_gmt":"2021-02-18T12:18:32","slug":"unt1","status":"publish","type":"page","link":"https:\/\/uniterm.pl\/wordpress\/","title":{"rendered":"Firma UNITERM"},"content":{"rendered":"\n<p><strong>Firma powsta\u0142a w 1989 roku.<\/strong> <strong>Zajmujemy si\u0119 projektowaniem system\u00f3w grzewczych dla odbiorc\u00f3w indywidualnych, komunalnych i przemys\u0142owych<\/strong><br><br><strong>Nasze g\u0142\u00f3wne kierunki to:<\/strong><\/p>\n\n\n\n<div class=\"wp-block-group\"><div class=\"wp-block-group__inner-container is-layout-flow wp-block-group-is-layout-flow\">\n<ul><li>W\u0119z\u0142y cieplne<\/li><li>Kot\u0142ownie<\/li><li>Klimatyzacja i wentylacja<\/li><li>Instalacje solarne<\/li><li>Instalacje centralnego ogrzewania i wodno-kanalizacyjne<\/li><li>Automatyka ciep\u0142ownicza<\/li><li>Ogniwa paliwowe<\/li><\/ul>\n<\/div><\/div>\n\n\n\n<p>Przy realizacji projekt\u00f3w stosujemy najnowsze rozwi\u0105zania oraz urz\u0105dzenia firm \u015bwiatowej renomy. Gwarantuj\u0105 one oszcz\u0119dno\u015b\u0107 zu\u017cywanej energii cieplnej eksploatowanych urz\u0105dze\u0144 grzewczych przy zachowaniu pe\u0142nej efektywno\u015bci, co w du\u017cym stopniu wp\u0142ywa na obni\u017cenie koszt\u00f3w eksploatacji.<\/p>\n\n\n\n<p><\/p>\n\n\n\n<figure class=\"wp-block-gallery columns-3 is-cropped wp-block-gallery-1 is-layout-flex wp-block-gallery-is-layout-flex\"><ul class=\"blocks-gallery-grid\"><li class=\"blocks-gallery-item\"><figure><img loading=\"lazy\" decoding=\"async\" width=\"200\" height=\"266\" src=\"https:\/\/uniterm.pl\/wordpress\/wp-content\/uploads\/2021\/02\/klima.jpg\" alt=\"\" data-id=\"41\" data-full-url=\"https:\/\/uniterm.pl\/wordpress\/wp-content\/uploads\/2021\/02\/klima.jpg\" data-link=\"https:\/\/uniterm.pl\/wordpress\/?attachment_id=41\" class=\"wp-image-41\"\/><figcaption class=\"blocks-gallery-item__caption\">Klimatyzacja<\/figcaption><\/figure><\/li><li class=\"blocks-gallery-item\"><figure><img loading=\"lazy\" decoding=\"async\" width=\"200\" height=\"172\" src=\"https:\/\/uniterm.pl\/wordpress\/wp-content\/uploads\/2021\/02\/cieplne_m1.jpg\" alt=\"\" data-id=\"37\" data-full-url=\"https:\/\/uniterm.pl\/wordpress\/wp-content\/uploads\/2021\/02\/cieplne_m1.jpg\" data-link=\"https:\/\/uniterm.pl\/wordpress\/?attachment_id=37\" class=\"wp-image-37\"\/><figcaption class=\"blocks-gallery-item__caption\">Instalacja cieplna<\/figcaption><\/figure><\/li><li class=\"blocks-gallery-item\"><figure><img loading=\"lazy\" decoding=\"async\" width=\"200\" height=\"150\" src=\"https:\/\/uniterm.pl\/wordpress\/wp-content\/uploads\/2021\/02\/kotlownia.jpg\" alt=\"\" data-id=\"38\" data-full-url=\"https:\/\/uniterm.pl\/wordpress\/wp-content\/uploads\/2021\/02\/kotlownia.jpg\" data-link=\"https:\/\/uniterm.pl\/wordpress\/?attachment_id=38\" class=\"wp-image-38\"\/><figcaption class=\"blocks-gallery-item__caption\">Kot\u0142ownia<\/figcaption><\/figure><\/li><li class=\"blocks-gallery-item\"><figure><img loading=\"lazy\" decoding=\"async\" width=\"250\" height=\"250\" src=\"https:\/\/uniterm.pl\/wordpress\/wp-content\/uploads\/2021\/02\/solarne2.jpg\" alt=\"\" data-id=\"36\" data-full-url=\"https:\/\/uniterm.pl\/wordpress\/wp-content\/uploads\/2021\/02\/solarne2.jpg\" data-link=\"https:\/\/uniterm.pl\/wordpress\/?attachment_id=36\" class=\"wp-image-36\" srcset=\"https:\/\/uniterm.pl\/wordpress\/wp-content\/uploads\/2021\/02\/solarne2.jpg 250w, https:\/\/uniterm.pl\/wordpress\/wp-content\/uploads\/2021\/02\/solarne2-150x150.jpg 150w\" sizes=\"(max-width: 250px) 100vw, 250px\" \/><figcaption class=\"blocks-gallery-item__caption\">Panele solarne<\/figcaption><\/figure><\/li><li class=\"blocks-gallery-item\"><figure><img loading=\"lazy\" decoding=\"async\" width=\"250\" height=\"140\" src=\"https:\/\/uniterm.pl\/wordpress\/wp-content\/uploads\/2021\/02\/solarne1.jpg\" alt=\"\" data-id=\"39\" data-full-url=\"https:\/\/uniterm.pl\/wordpress\/wp-content\/uploads\/2021\/02\/solarne1.jpg\" data-link=\"https:\/\/uniterm.pl\/wordpress\/?attachment_id=39\" class=\"wp-image-39\"\/><figcaption class=\"blocks-gallery-item__caption\">Panele solarne<\/figcaption><\/figure><\/li><li class=\"blocks-gallery-item\"><figure><img loading=\"lazy\" decoding=\"async\" width=\"150\" height=\"200\" src=\"https:\/\/uniterm.pl\/wordpress\/wp-content\/uploads\/2021\/02\/ogniwa.jpg\" alt=\"\" data-id=\"40\" data-full-url=\"https:\/\/uniterm.pl\/wordpress\/wp-content\/uploads\/2021\/02\/ogniwa.jpg\" data-link=\"https:\/\/uniterm.pl\/wordpress\/?attachment_id=40\" class=\"wp-image-40\"\/><figcaption class=\"blocks-gallery-item__caption\">Ogniwa paliwowe<\/figcaption><\/figure><\/li><\/ul><\/figure>\n","protected":false},"excerpt":{"rendered":"<p>Firma powsta\u0142a w 1989 roku. Zajmujemy si\u0119 projektowaniem system\u00f3w grzewczych dla odbiorc\u00f3w indywidualnych, komunalnych i przemys\u0142owych Nasze g\u0142\u00f3wne kierunki to: W\u0119z\u0142y cieplne Kot\u0142ownie Klimatyzacja i wentylacja Instalacje solarne Instalacje centralnego ogrzewania i wodno-kanalizacyjne Automatyka ciep\u0142ownicza Ogniwa paliwowe Przy realizacji projekt\u00f3w stosujemy najnowsze rozwi\u0105zania oraz urz\u0105dzenia firm \u015bwiatowej renomy. Gwarantuj\u0105 one oszcz\u0119dno\u015b\u0107 zu\u017cywanej energii cieplnej eksploatowanych &hellip; <a href=\"https:\/\/uniterm.pl\/wordpress\/\" class=\"more-link\">Czytaj dalej <span class=\"screen-reader-text\">Firma UNITERM<\/span><\/a><\/p>\n","protected":false},"author":2,"featured_media":0,"parent":0,"menu_order":0,"comment_status":"closed","ping_status":"closed","template":"","meta":{"footnotes":""},"_links":{"self":[{"href":"https:\/\/uniterm.pl\/wordpress\/wp-json\/wp\/v2\/pages\/8"}],"collection":[{"href":"https:\/\/uniterm.pl\/wordpress\/wp-json\/wp\/v2\/pages"}],"about":[{"href":"https:\/\/uniterm.pl\/wordpress\/wp-json\/wp\/v2\/types\/page"}],"author":[{"embeddable":true,"href":"https:\/\/uniterm.pl\/wordpress\/wp-json\/wp\/v2\/users\/2"}],"replies":[{"embeddable":true,"href":"https:\/\/uniterm.pl\/wordpress\/wp-json\/wp\/v2\/comments?post=8"}],"version-history":[{"count":8,"href":"https:\/\/uniterm.pl\/wordpress\/wp-json\/wp\/v2\/pages\/8\/revisions"}],"predecessor-version":[{"id":53,"href":"https:\/\/uniterm.pl\/wordpress\/wp-json\/wp\/v2\/pages\/8\/revisions\/53"}],"wp:attachment":[{"href":"https:\/\/uniterm.pl\/wordpress\/wp-json\/wp\/v2\/media?parent=8"}],"curies":[{"name":"wp","href":"https:\/\/api.w.org\/{rel}","templated":true}]}}